{"id":3,"date":"2024-09-02T19:05:39","date_gmt":"2024-09-02T19:05:39","guid":{"rendered":"https:\/\/live-rock-river-community-clinic.pantheonsite.io\/?page_id=3"},"modified":"2024-11-11T21:37:13","modified_gmt":"2024-11-11T21:37:13","slug":"privacy-policy","status":"publish","type":"page","link":"https:\/\/www.rockrivercommunityclinic.com\/es\/privacy-policy\/","title":{"rendered":"Pol\u00edtica de privacidad"},"content":{"rendered":"<div class=\"fusion-fullwidth fullwidth-box fusion-builder-row-1 fusion-flex-container nonhundred-percent-fullwidth non-hundred-percent-height-scrolling\" style=\"--awb-border-radius-top-left:0px;--awb-border-radius-top-right:0px;--awb-border-radius-bottom-right:0px;--awb-border-radius-bottom-left:0px;--awb-flex-wrap:wrap;\" ><div class=\"fusion-builder-row fusion-row fusion-flex-align-items-flex-start fusion-flex-content-wrap\" style=\"max-width:1560px;margin-left: calc(-4% \/ 2 );margin-right: calc(-4% \/ 2 );\"><div class=\"fusion-layout-column fusion_builder_column fusion-builder-column-0 fusion_builder_column_1_1 1_1 fusion-flex-column\" style=\"--awb-bg-size:cover;--awb-width-large:100%;--awb-margin-top-large:0px;--awb-spacing-right-large:1.92%;--awb-margin-bottom-large:0px;--awb-spacing-left-large:1.92%;--awb-width-medium:100%;--awb-spacing-right-medium:1.92%;--awb-spacing-left-medium:1.92%;--awb-width-small:100%;--awb-spacing-right-small:1.92%;--awb-spacing-left-small:1.92%;\"><div class=\"fusion-column-wrapper fusion-flex-justify-content-flex-start fusion-content-layout-column\"><div class=\"fusion-text fusion-text-1\"><p>\u00daltima actualizaci\u00f3n: 11.11.24<\/p>\n<p>Rock River Community Clinic (\"nosotros\", \"nos\" o \"nuestro\") respeta su privacidad y se compromete a protegerla a trav\u00e9s de esta Pol\u00edtica de Privacidad. Esta pol\u00edtica describe nuestras pr\u00e1cticas con respecto a la recopilaci\u00f3n, uso y divulgaci\u00f3n de la informaci\u00f3n personal que recibimos de los usuarios de nuestro sitio web.<\/p>\n<h3>1. Informaci\u00f3n que recopilamos<\/h3>\n<p>Recogemos distintos tipos de informaci\u00f3n de los usuarios de diversas formas para mejorar su experiencia en nuestro sitio web y prestar nuestros servicios de forma eficaz. Los principales tipos de informaci\u00f3n que recopilamos incluyen:<\/p>\n<h4>a. Informaci\u00f3n que usted nos proporciona<\/h4>\n<ul>\n<li><strong>Formulario Mailchimp<\/strong>: Cuando se suscribe a nuestro bolet\u00edn de noticias o actualizaciones a trav\u00e9s del formulario de Mailchimp, recopilamos su direcci\u00f3n de correo electr\u00f3nico y cualquier otra informaci\u00f3n que nos proporcione voluntariamente.<\/li>\n<li><strong>Formulario de donaci\u00f3n<\/strong>: Cuando realiza una donaci\u00f3n, recopilamos la informaci\u00f3n necesaria para procesar su transacci\u00f3n, incluida la informaci\u00f3n de pago, su nombre, direcci\u00f3n de correo electr\u00f3nico y direcci\u00f3n de facturaci\u00f3n.<\/li>\n<\/ul>\n<h4>b. Informaci\u00f3n recogida autom\u00e1ticamente<\/h4>\n<ul>\n<li><strong>Anal\u00edtica<\/strong>: Utilizamos Google Analytics 4 (GA4) para recopilar y analizar datos de tr\u00e1fico que nos ayudan a comprender c\u00f3mo utilizan los visitantes nuestro sitio web. GA4 recopila informaci\u00f3n como su direcci\u00f3n IP, tipo de dispositivo, tipo de navegador, p\u00e1ginas visitadas y tiempo empleado en cada p\u00e1gina. Esta informaci\u00f3n se recoge de forma agregada y no le identifica personalmente.<\/li>\n<\/ul>\n<h3>2. C\u00f3mo utilizamos su informaci\u00f3n<\/h3>\n<p>Podemos utilizar la informaci\u00f3n que recopilamos para los siguientes fines:<\/p>\n<ul>\n<li>Para mejorar nuestro sitio web y la experiencia del usuario<\/li>\n<li>Para comunicarnos con usted, por ejemplo, envi\u00e1ndole actualizaciones o boletines informativos si se ha suscrito.<\/li>\n<li>Para procesar sus donaciones y proporcionarle las confirmaciones y registros necesarios<\/li>\n<li>Analizar el tr\u00e1fico y los patrones de uso utilizando GA4 para comprender mejor c\u00f3mo los usuarios interact\u00faan con nuestro sitio.<\/li>\n<\/ul>\n<h3>3. Compartir su informaci\u00f3n<\/h3>\n<p>No vendemos ni alquilamos su informaci\u00f3n personal a terceros. Podemos compartir su informaci\u00f3n con terceros de confianza, incluyendo:<\/p>\n<ul>\n<li><strong>Proveedores de servicios<\/strong>: Podemos compartir su informaci\u00f3n con terceros proveedores de servicios, como Mailchimp y procesadores de pagos, para facilitar nuestros servicios de comunicaci\u00f3n y transacciones.<\/li>\n<li><strong>Google Analytics<\/strong>: Utilizamos GA4 para recopilar datos agregados sobre los visitantes de nuestro sitio. Google Analytics es un servicio de an\u00e1lisis web prestado por Google que nos ayuda a comprender c\u00f3mo interact\u00faan los visitantes con nuestro sitio.<\/li>\n<\/ul>\n<h3>4. Cookies y tecnolog\u00edas de seguimiento<\/h3>\n<p>Nuestro sitio web utiliza cookies y tecnolog\u00edas similares para recoger y almacenar informaci\u00f3n sobre sus actividades de navegaci\u00f3n. Puede controlar o eliminar las cookies a trav\u00e9s de la configuraci\u00f3n de su navegador.<\/p>\n<h3>5. 5. Seguridad de los datos<\/h3>\n<p>Tomamos medidas razonables para proteger su informaci\u00f3n contra el acceso, la alteraci\u00f3n o la divulgaci\u00f3n no autorizados. Sin embargo, ninguna transmisi\u00f3n de datos por Internet o m\u00e9todo de almacenamiento electr\u00f3nico es completamente seguro, y no podemos garantizar una seguridad absoluta.<\/p>\n<h3>6. Sus opciones<\/h3>\n<p>Puede darse de baja de nuestro bolet\u00edn en cualquier momento siguiendo el enlace \"darse de baja\" que aparece en la parte inferior de nuestros correos electr\u00f3nicos. Tambi\u00e9n puede ajustar la configuraci\u00f3n de cookies en su navegador.<\/p>\n<h3>7. Enlaces de terceros<\/h3>\n<p>Nuestro sitio web puede contener enlaces a sitios web de terceros, como Mailchimp y procesadores de donaciones. No somos responsables de las pr\u00e1cticas de privacidad ni del contenido de estos sitios web de terceros.<\/p>\n<h3>8. Privacidad infantil<\/h3>\n<p>Nuestro sitio web no est\u00e1 dirigido a personas menores de 13 a\u00f1os, y no recopilamos conscientemente informaci\u00f3n personal de ni\u00f1os.<\/p>\n<h3>9. Cambios en esta pol\u00edtica de privacidad<\/h3>\n<p>Es posible que actualicemos nuestra Pol\u00edtica de Privacidad de vez en cuando. Cualquier cambio se publicar\u00e1 en esta p\u00e1gina con una fecha de entrada en vigor actualizada.<\/p>\n<h3>9. Cambios en esta pol\u00edtica de privacidad<\/h3>\n<p>Es posible que actualicemos nuestra Pol\u00edtica de Privacidad de vez en cuando. Cualquier cambio se publicar\u00e1 en esta p\u00e1gina con una fecha de entrada en vigor actualizada.<\/p>\n<h3>10. Solicitud de eliminaci\u00f3n de datos<\/h3>\n<p>Respetamos su privacidad y nos comprometemos a proteger su informaci\u00f3n personal. Si desea que eliminemos de nuestros registros cualquier dato que tengamos sobre usted, p\u00f3ngase en contacto con nosotros directamente. Estudiaremos su solicitud con prontitud y tomaremos las medidas necesarias para eliminar sus datos de nuestros sistemas, de conformidad con la legislaci\u00f3n aplicable en materia de privacidad.<\/p>\n<p>Para solicitar una eliminaci\u00f3n de datos, p\u00f3ngase en contacto con nosotros en marketing@rockrivercommunityclinic.org con el asunto \"Solicitud de eliminaci\u00f3n de datos\" e incluya los siguientes datos para verificar su identidad:<\/p>\n<ul>\n<li>Nombre y apellidos<\/li>\n<li>Direcci\u00f3n de correo electr\u00f3nico asociada a sus datos<\/li>\n<li>Una breve descripci\u00f3n de la informaci\u00f3n que desea eliminar<\/li>\n<\/ul>\n<p>Una vez recibida su solicitud, le confirmaremos la supresi\u00f3n de sus datos o le informaremos si alg\u00fan requisito legal espec\u00edfico exige conservar determinada informaci\u00f3n. Nuestro objetivo es tramitar las solicitudes de supresi\u00f3n de datos en un plazo de 30 d\u00edas.<\/p>\n<p>Su privacidad es nuestra prioridad y nos comprometemos a mantener una relaci\u00f3n segura y transparente con usted. No dude en ponerse en contacto con nosotros si tiene alguna pregunta sobre la privacidad de sus datos.<\/p>\n<p>&nbsp;<\/p>\n<p>&nbsp;<\/p>\n<\/div><\/div><\/div><\/div><\/div>","protected":false},"excerpt":{"rendered":"","protected":false},"author":1,"featured_media":0,"parent":0,"menu_order":0,"comment_status":"closed","ping_status":"open","template":"","meta":{"_acf_changed":false,"footnotes":""},"class_list":["post-3","page","type-page","status-publish","hentry"],"acf":[],"yoast_head":"<!-- This site is optimized with the Yoast SEO plugin v24.0 - https:\/\/yoast.com\/wordpress\/plugins\/seo\/ -->\n<title>Privacy Policy | Rock River Community Clinic<\/title>\n<meta name=\"robots\" content=\"index, follow, max-snippet:-1, max-image-preview:large, max-video-preview:-1\" \/>\n<link rel=\"canonical\" href=\"https:\/\/www.rockrivercommunityclinic.com\/es\/privacy-policy\/\" \/>\n<meta property=\"og:locale\" content=\"es_MX\" \/>\n<meta property=\"og:type\" content=\"article\" \/>\n<meta property=\"og:title\" content=\"Privacy Policy | Rock River Community Clinic\" \/>\n<meta property=\"og:url\" content=\"https:\/\/www.rockrivercommunityclinic.com\/es\/privacy-policy\/\" \/>\n<meta property=\"og:site_name\" content=\"Rock River Community Clinic\" \/>\n<meta property=\"article:modified_time\" content=\"2024-11-11T21:37:13+00:00\" \/>\n<meta property=\"og:image\" content=\"https:\/\/www.rockrivercommunityclinic.com\/wp-content\/uploads\/2024\/12\/Untitled-design-1-jpg.webp\" \/>\n\t<meta property=\"og:image:width\" content=\"1200\" \/>\n\t<meta property=\"og:image:height\" content=\"630\" \/>\n\t<meta property=\"og:image:type\" content=\"image\/jpeg\" \/>\n<meta name=\"twitter:card\" content=\"summary_large_image\" \/>\n<meta name=\"twitter:label1\" content=\"Tiempo de lectura\" \/>\n\t<meta name=\"twitter:data1\" content=\"3 minutos\" \/>\n<script type=\"application\/ld+json\" class=\"yoast-schema-graph\">{\"@context\":\"https:\/\/schema.org\",\"@graph\":[{\"@type\":\"WebPage\",\"@id\":\"https:\/\/www.rockrivercommunityclinic.com\/es\/privacy-policy\/\",\"url\":\"https:\/\/www.rockrivercommunityclinic.com\/es\/privacy-policy\/\",\"name\":\"Privacy Policy | Rock River Community Clinic\",\"isPartOf\":{\"@id\":\"https:\/\/www.rockrivercommunityclinic.com\/#website\"},\"datePublished\":\"2024-09-02T19:05:39+00:00\",\"dateModified\":\"2024-11-11T21:37:13+00:00\",\"breadcrumb\":{\"@id\":\"https:\/\/www.rockrivercommunityclinic.com\/es\/privacy-policy\/#breadcrumb\"},\"inLanguage\":\"es\",\"potentialAction\":[{\"@type\":\"ReadAction\",\"target\":[\"https:\/\/www.rockrivercommunityclinic.com\/es\/privacy-policy\/\"]}]},{\"@type\":\"BreadcrumbList\",\"@id\":\"https:\/\/www.rockrivercommunityclinic.com\/es\/privacy-policy\/#breadcrumb\",\"itemListElement\":[{\"@type\":\"ListItem\",\"position\":1,\"name\":\"Home\",\"item\":\"https:\/\/www.rockrivercommunityclinic.com\/\"},{\"@type\":\"ListItem\",\"position\":2,\"name\":\"Privacy Policy\"}]},{\"@type\":\"WebSite\",\"@id\":\"https:\/\/www.rockrivercommunityclinic.com\/#website\",\"url\":\"https:\/\/www.rockrivercommunityclinic.com\/\",\"name\":\"Rock River Community Clinic\",\"description\":\"\",\"publisher\":{\"@id\":\"https:\/\/www.rockrivercommunityclinic.com\/#organization\"},\"potentialAction\":[{\"@type\":\"SearchAction\",\"target\":{\"@type\":\"EntryPoint\",\"urlTemplate\":\"https:\/\/www.rockrivercommunityclinic.com\/?s={search_term_string}\"},\"query-input\":{\"@type\":\"PropertyValueSpecification\",\"valueRequired\":true,\"valueName\":\"search_term_string\"}}],\"inLanguage\":\"es\"},{\"@type\":\"Organization\",\"@id\":\"https:\/\/www.rockrivercommunityclinic.com\/#organization\",\"name\":\"Rock River Community Clinic\",\"url\":\"https:\/\/www.rockrivercommunityclinic.com\/\",\"logo\":{\"@type\":\"ImageObject\",\"inLanguage\":\"es\",\"@id\":\"https:\/\/www.rockrivercommunityclinic.com\/#\/schema\/logo\/image\/\",\"url\":\"https:\/\/www.rockrivercommunityclinic.com\/wp-content\/uploads\/2024\/10\/RRCC-Logo-horizontal-png.avif\",\"contentUrl\":\"https:\/\/www.rockrivercommunityclinic.com\/wp-content\/uploads\/2024\/10\/RRCC-Logo-horizontal-png.avif\",\"width\":653,\"height\":147,\"caption\":\"Rock River Community Clinic\"},\"image\":{\"@id\":\"https:\/\/www.rockrivercommunityclinic.com\/#\/schema\/logo\/image\/\"}}]}<\/script>\n<!-- \/ Yoast SEO plugin. -->","yoast_head_json":{"title":"Privacy Policy | Rock River Community Clinic","robots":{"index":"index","follow":"follow","max-snippet":"max-snippet:-1","max-image-preview":"max-image-preview:large","max-video-preview":"max-video-preview:-1"},"canonical":"https:\/\/www.rockrivercommunityclinic.com\/es\/privacy-policy\/","og_locale":"es_MX","og_type":"article","og_title":"Privacy Policy | Rock River Community Clinic","og_url":"https:\/\/www.rockrivercommunityclinic.com\/es\/privacy-policy\/","og_site_name":"Rock River Community Clinic","article_modified_time":"2024-11-11T21:37:13+00:00","og_image":[{"width":1200,"height":630,"url":"https:\/\/www.rockrivercommunityclinic.com\/wp-content\/uploads\/2024\/12\/Untitled-design-1-jpg.webp","type":"image\/jpeg"}],"twitter_card":"summary_large_image","twitter_misc":{"Tiempo de lectura":"3 minutos"},"schema":{"@context":"https:\/\/schema.org","@graph":[{"@type":"WebPage","@id":"https:\/\/www.rockrivercommunityclinic.com\/es\/privacy-policy\/","url":"https:\/\/www.rockrivercommunityclinic.com\/es\/privacy-policy\/","name":"Privacy Policy | Rock River Community Clinic","isPartOf":{"@id":"https:\/\/www.rockrivercommunityclinic.com\/#website"},"datePublished":"2024-09-02T19:05:39+00:00","dateModified":"2024-11-11T21:37:13+00:00","breadcrumb":{"@id":"https:\/\/www.rockrivercommunityclinic.com\/es\/privacy-policy\/#breadcrumb"},"inLanguage":"es","potentialAction":[{"@type":"ReadAction","target":["https:\/\/www.rockrivercommunityclinic.com\/es\/privacy-policy\/"]}]},{"@type":"BreadcrumbList","@id":"https:\/\/www.rockrivercommunityclinic.com\/es\/privacy-policy\/#breadcrumb","itemListElement":[{"@type":"ListItem","position":1,"name":"Home","item":"https:\/\/www.rockrivercommunityclinic.com\/"},{"@type":"ListItem","position":2,"name":"Privacy Policy"}]},{"@type":"WebSite","@id":"https:\/\/www.rockrivercommunityclinic.com\/#website","url":"https:\/\/www.rockrivercommunityclinic.com\/","name":"Rock River Community Clinic","description":"","publisher":{"@id":"https:\/\/www.rockrivercommunityclinic.com\/#organization"},"potentialAction":[{"@type":"SearchAction","target":{"@type":"EntryPoint","urlTemplate":"https:\/\/www.rockrivercommunityclinic.com\/?s={search_term_string}"},"query-input":{"@type":"PropertyValueSpecification","valueRequired":true,"valueName":"search_term_string"}}],"inLanguage":"es"},{"@type":"Organization","@id":"https:\/\/www.rockrivercommunityclinic.com\/#organization","name":"Rock River Community Clinic","url":"https:\/\/www.rockrivercommunityclinic.com\/","logo":{"@type":"ImageObject","inLanguage":"es","@id":"https:\/\/www.rockrivercommunityclinic.com\/#\/schema\/logo\/image\/","url":"https:\/\/www.rockrivercommunityclinic.com\/wp-content\/uploads\/2024\/10\/RRCC-Logo-horizontal-png.avif","contentUrl":"https:\/\/www.rockrivercommunityclinic.com\/wp-content\/uploads\/2024\/10\/RRCC-Logo-horizontal-png.avif","width":653,"height":147,"caption":"Rock River Community Clinic"},"image":{"@id":"https:\/\/www.rockrivercommunityclinic.com\/#\/schema\/logo\/image\/"}}]}},"_links":{"self":[{"href":"https:\/\/www.rockrivercommunityclinic.com\/es\/wp-json\/wp\/v2\/pages\/3","targetHints":{"allow":["GET"]}}],"collection":[{"href":"https:\/\/www.rockrivercommunityclinic.com\/es\/wp-json\/wp\/v2\/pages"}],"about":[{"href":"https:\/\/www.rockrivercommunityclinic.com\/es\/wp-json\/wp\/v2\/types\/page"}],"author":[{"embeddable":true,"href":"https:\/\/www.rockrivercommunityclinic.com\/es\/wp-json\/wp\/v2\/users\/1"}],"replies":[{"embeddable":true,"href":"https:\/\/www.rockrivercommunityclinic.com\/es\/wp-json\/wp\/v2\/comments?post=3"}],"version-history":[{"count":6,"href":"https:\/\/www.rockrivercommunityclinic.com\/es\/wp-json\/wp\/v2\/pages\/3\/revisions"}],"predecessor-version":[{"id":868,"href":"https:\/\/www.rockrivercommunityclinic.com\/es\/wp-json\/wp\/v2\/pages\/3\/revisions\/868"}],"wp:attachment":[{"href":"https:\/\/www.rockrivercommunityclinic.com\/es\/wp-json\/wp\/v2\/media?parent=3"}],"curies":[{"name":"wp","href":"https:\/\/api.w.org\/{rel}","templated":true}]}}