{"id":537,"date":"2024-10-22T16:08:20","date_gmt":"2024-10-22T16:08:20","guid":{"rendered":"https:\/\/live-rock-river-community-clinic.pantheonsite.io\/?page_id=537"},"modified":"2025-03-30T23:41:47","modified_gmt":"2025-03-30T23:41:47","slug":"care-coordination","status":"publish","type":"page","link":"https:\/\/www.rockrivercommunityclinic.com\/es\/services\/care-coordination\/","title":{"rendered":"Coordinaci\u00f3n asistencial"},"content":{"rendered":"<p><div class=\"fusion-fullwidth fullwidth-box fusion-builder-row-1 fusion-flex-container has-pattern-background has-mask-background nonhundred-percent-fullwidth non-hundred-percent-height-scrolling\" style=\"--awb-border-radius-top-left:0px;--awb-border-radius-top-right:0px;--awb-border-radius-bottom-right:0px;--awb-border-radius-bottom-left:0px;--awb-flex-wrap:wrap;\" ><div class=\"fusion-builder-row fusion-row fusion-flex-align-items-flex-start fusion-flex-content-wrap\" style=\"max-width:1560px;margin-left: calc(-4% \/ 2 );margin-right: calc(-4% \/ 2 );\"><div class=\"fusion-layout-column fusion_builder_column fusion-builder-column-0 fusion_builder_column_1_2 1_2 fusion-flex-column\" style=\"--awb-bg-size:cover;--awb-width-large:50%;--awb-margin-top-large:0px;--awb-spacing-right-large:3.84%;--awb-margin-bottom-large:20px;--awb-spacing-left-large:3.84%;--awb-width-medium:50%;--awb-order-medium:0;--awb-spacing-right-medium:3.84%;--awb-spacing-left-medium:3.84%;--awb-width-small:100%;--awb-order-small:0;--awb-spacing-right-small:1.92%;--awb-spacing-left-small:1.92%;\" data-scroll-devices=\"small-visibility,medium-visibility,large-visibility\"><div class=\"fusion-column-wrapper fusion-column-has-shadow fusion-flex-justify-content-flex-start fusion-content-layout-column\"><div class=\"fusion-title title fusion-title-1 fusion-sep-none fusion-title-text fusion-title-size-three\"><h3 class=\"fusion-title-heading title-heading-left fusion-responsive-typography-calculated\" style=\"margin:0;--fontSize:34;line-height:var(--awb-typography1-line-height);\">Programa de Coordinaci\u00f3n de Cuidados en la Cl\u00ednica Comunitaria Rock River<\/h3><\/div><div class=\"fusion-text fusion-text-1\"><p>En el RRCC, nuestros Defensores del Paciente, el Equipo de Derivaciones y el Coordinador del Programa de Asistencia con los Medicamentos Recetados trabajan juntos para garantizar que usted reciba la atenci\u00f3n que necesita. Identifican y abordan los obst\u00e1culos que pueden afectar a la capacidad del paciente para gestionar su salud, como las necesidades sociales, la vivienda, el transporte y el acceso a servicios m\u00e9dicos especializados.<\/p>\n<p>Nuestro equipo ofrece formaci\u00f3n y pone en contacto a las personas con los servicios adecuados para satisfacer sus necesidades espec\u00edficas. La atenci\u00f3n coordinada implica la colaboraci\u00f3n entre el paciente, sus cuidadores o familiares, los recursos comunitarios, su m\u00e9dico y otros miembros del equipo sanitario, seg\u00fan sea necesario.<\/p>\n<\/div><\/div><\/div><div class=\"fusion-layout-column fusion_builder_column fusion-builder-column-1 fusion_builder_column_1_2 1_2 fusion-flex-column\" style=\"--awb-padding-top:30px;--awb-padding-right:30px;--awb-padding-bottom:30px;--awb-padding-left:30px;--awb-bg-color:var(--awb-color2);--awb-bg-color-hover:var(--awb-color2);--awb-bg-size:cover;--awb-width-large:50%;--awb-margin-top-large:0px;--awb-spacing-right-large:3.84%;--awb-margin-bottom-large:20px;--awb-spacing-left-large:3.84%;--awb-width-medium:50%;--awb-order-medium:0;--awb-spacing-right-medium:3.84%;--awb-spacing-left-medium:3.84%;--awb-width-small:100%;--awb-order-small:0;--awb-spacing-right-small:1.92%;--awb-spacing-left-small:1.92%;\" data-scroll-devices=\"small-visibility,medium-visibility,large-visibility\"><div class=\"fusion-column-wrapper fusion-column-has-shadow fusion-flex-justify-content-flex-start fusion-content-layout-column\"><div class=\"fusion-title title fusion-title-2 fusion-sep-none fusion-title-text fusion-title-size-three\" style=\"--awb-margin-top:-20px;\"><h3 class=\"fusion-title-heading title-heading-left fusion-responsive-typography-calculated\" style=\"margin:0;--fontSize:34;line-height:var(--awb-typography1-line-height);\">Los servicios pueden incluir:<\/h3><\/div><div class=\"fusion-builder-row fusion-builder-row-inner fusion-row fusion-flex-align-items-flex-start fusion-flex-content-wrap\" style=\"width:104% !important;max-width:104% !important;margin-left: calc(-4% \/ 2 );margin-right: calc(-4% \/ 2 );\"><div class=\"fusion-layout-column fusion_builder_column_inner fusion-builder-nested-column-0 fusion_builder_column_inner_1_1 1_1 fusion-flex-column\" style=\"--awb-padding-top:10px;--awb-padding-bottom:10px;--awb-padding-top-medium:20px;--awb-padding-bottom-medium:20px;--awb-bg-size:cover;--awb-border-color:#d3d3d3;--awb-border-style:solid;--awb-width-large:100%;--awb-margin-top-large:0px;--awb-spacing-right-large:1.92%;--awb-margin-bottom-large:0px;--awb-spacing-left-large:1.92%;--awb-width-medium:50%;--awb-order-medium:0;--awb-spacing-right-medium:3.84%;--awb-spacing-left-medium:3.84%;--awb-width-small:100%;--awb-order-small:0;--awb-spacing-right-small:1.92%;--awb-spacing-left-small:1.92%;\" data-scroll-devices=\"small-visibility,medium-visibility,large-visibility\"><div class=\"fusion-column-wrapper fusion-column-has-shadow fusion-flex-justify-content-flex-start fusion-content-layout-column\"><div class=\"fusion-title title fusion-title-3 sep-underline sep-solid fusion-title-text fusion-title-size-five\" style=\"--awb-text-color:var(--awb-color7);--awb-margin-top:20px;--awb-margin-bottom:20px;--awb-sep-color:#d3d3d3;\"><h5 class=\"fusion-title-heading title-heading-left fusion-responsive-typography-calculated\" style=\"margin:0;--fontSize:18;line-height:2;\">Acceso a los programas de ayuda a la prescripci\u00f3n<\/h5><\/div><div class=\"fusion-title title fusion-title-4 sep-underline sep-solid fusion-title-text fusion-title-size-five\" style=\"--awb-text-color:var(--awb-color7);--awb-margin-top:20px;--awb-margin-bottom:20px;--awb-sep-color:#d3d3d3;\"><h5 class=\"fusion-title-heading title-heading-left fusion-responsive-typography-calculated\" style=\"margin:0;--fontSize:18;line-height:2;\">Coordinaci\u00f3n y seguimiento de la atenci\u00f3n especializada<\/h5><\/div><div class=\"fusion-title title fusion-title-5 sep-underline sep-solid fusion-title-text fusion-title-size-five\" style=\"--awb-text-color:var(--awb-color7);--awb-margin-top:20px;--awb-margin-bottom:20px;--awb-sep-color:#d3d3d3;\"><h5 class=\"fusion-title-heading title-heading-left fusion-responsive-typography-calculated\" style=\"margin:0;--fontSize:18;line-height:2;\">Inscripci\u00f3n en Medicaid (BadgerCare)<\/h5><\/div><div class=\"fusion-title title fusion-title-6 sep-underline sep-solid fusion-title-text fusion-title-size-five\" style=\"--awb-text-color:var(--awb-color7);--awb-margin-top:20px;--awb-margin-bottom:20px;--awb-sep-color:#d3d3d3;\"><h5 class=\"fusion-title-heading title-heading-left fusion-responsive-typography-calculated\" style=\"margin:0;--fontSize:18;line-height:2;\">Solicitudes de ayuda financiera y coordinaci\u00f3n<\/h5><\/div><div class=\"fusion-title title fusion-title-7 fusion-sep-none fusion-title-text fusion-title-size-five\" style=\"--awb-text-color:var(--awb-color7);--awb-margin-top:20px;--awb-margin-bottom:20px;\"><h5 class=\"fusion-title-heading title-heading-left fusion-responsive-typography-calculated\" style=\"margin:0;--fontSize:18;line-height:2;\">Recursos comunitarios y apoyo al transporte<\/h5><\/div><\/div><\/div><\/div><\/div><\/div><\/div><\/div><div class=\"fusion-fullwidth fullwidth-box fusion-builder-row-2 fusion-flex-container has-pattern-background has-mask-background nonhundred-percent-fullwidth non-hundred-percent-height-scrolling\" style=\"--awb-border-radius-top-left:0px;--awb-border-radius-top-right:0px;--awb-border-radius-bottom-right:0px;--awb-border-radius-bottom-left:0px;--awb-padding-top:30px;--awb-padding-bottom:30px;--awb-background-color:var(--awb-color6);--awb-flex-wrap:wrap;\" ><div class=\"fusion-builder-row fusion-row fusion-flex-align-items-center fusion-flex-content-wrap\" style=\"max-width:1560px;margin-left: calc(-4% \/ 2 );margin-right: calc(-4% \/ 2 );\"><div class=\"fusion-layout-column fusion_builder_column fusion-builder-column-2 fusion_builder_column_1_2 1_2 fusion-flex-column\" style=\"--awb-padding-top:20px;--awb-padding-right:20px;--awb-padding-bottom:20px;--awb-padding-left:20px;--awb-bg-size:cover;--awb-border-color:var(--awb-color1);--awb-border-style:solid;--awb-width-large:50%;--awb-margin-top-large:0px;--awb-spacing-right-large:3.84%;--awb-margin-bottom-large:20px;--awb-spacing-left-large:3.84%;--awb-width-medium:50%;--awb-order-medium:0;--awb-spacing-right-medium:3.84%;--awb-spacing-left-medium:3.84%;--awb-width-small:100%;--awb-order-small:0;--awb-spacing-right-small:1.92%;--awb-spacing-left-small:1.92%;\"><div class=\"fusion-column-wrapper fusion-column-has-shadow fusion-flex-justify-content-flex-start fusion-content-layout-column\"><div class=\"fusion-title title fusion-title-8 fusion-sep-none fusion-title-center fusion-title-text fusion-title-size-five\" style=\"--awb-text-color:var(--awb-color1);\"><h5 class=\"fusion-title-heading title-heading-center fusion-responsive-typography-calculated\" style=\"margin:0;--fontSize:18;line-height:2;\">\"Muy buen servicio con validaci\u00f3n y calidez\".<\/h5><\/div><div class=\"fusion-text fusion-text-2\" style=\"--awb-content-alignment:center;--awb-text-color:var(--awb-color1);\"><\/p>\n<\/div><\/div><\/div><div class=\"fusion-layout-column fusion_builder_column fusion-builder-column-3 fusion_builder_column_1_3 1_3 fusion-flex-column fusion-no-medium-visibility fusion-no-large-visibility\" style=\"--awb-padding-top:20px;--awb-padding-right:20px;--awb-padding-bottom:20px;--awb-padding-left:20px;--awb-bg-size:cover;--awb-border-color:var(--awb-color1);--awb-border-style:solid;--awb-width-large:33.333333333333%;--awb-margin-top-large:0px;--awb-spacing-right-large:5.76%;--awb-margin-bottom-large:20px;--awb-spacing-left-large:5.76%;--awb-width-medium:33.333333333333%;--awb-order-medium:0;--awb-spacing-right-medium:5.76%;--awb-spacing-left-medium:5.76%;--awb-width-small:100%;--awb-order-small:0;--awb-spacing-right-small:1.92%;--awb-spacing-left-small:1.92%;\"><div class=\"fusion-column-wrapper fusion-column-has-shadow fusion-flex-justify-content-flex-start fusion-content-layout-column\"><div class=\"fusion-title title fusion-title-9 fusion-sep-none fusion-title-center fusion-title-text fusion-title-size-five\" style=\"--awb-text-color:var(--awb-color1);\"><h5 class=\"fusion-title-heading title-heading-center fusion-responsive-typography-calculated\" style=\"margin:0;--fontSize:18;line-height:2;\">\"\u00a1Las manos hacia abajo una de las mejores cl\u00ednicas dentales en el condado de Jefferson! Se preocupan y tienen compasi\u00f3n hacia todo el mundo que entra o llama a la cl\u00ednica. Sus servicios son asequibles. Incluso cuando surgen problemas, ayudan\".<\/h5><\/div><div class=\"fusion-text fusion-text-3\" style=\"--awb-content-alignment:center;--awb-text-color:var(--awb-color1);\"><p>Paciente de cl\u00ednica m\u00e9dica<\/p>\n<\/div><\/div><\/div><div class=\"fusion-layout-column fusion_builder_column fusion-builder-column-4 fusion_builder_column_1_2 1_2 fusion-flex-column fusion-no-small-visibility\" style=\"--awb-padding-top:20px;--awb-padding-right:20px;--awb-padding-bottom:20px;--awb-padding-left:20px;--awb-bg-size:cover;--awb-border-color:var(--awb-color1);--awb-border-left:1px;--awb-border-style:solid;--awb-width-large:50%;--awb-margin-top-large:0px;--awb-spacing-right-large:3.84%;--awb-margin-bottom-large:20px;--awb-spacing-left-large:3.84%;--awb-width-medium:50%;--awb-order-medium:0;--awb-spacing-right-medium:3.84%;--awb-spacing-left-medium:3.84%;--awb-width-small:100%;--awb-order-small:0;--awb-spacing-right-small:1.92%;--awb-spacing-left-small:1.92%;\"><div class=\"fusion-column-wrapper fusion-column-has-shadow fusion-flex-justify-content-flex-start fusion-content-layout-column\"><div class=\"fusion-title title fusion-title-10 fusion-sep-none fusion-title-center fusion-title-text fusion-title-size-five\" style=\"--awb-text-color:var(--awb-color1);\"><h5 class=\"fusion-title-heading title-heading-center fusion-responsive-typography-calculated\" style=\"margin:0;--fontSize:18;line-height:2;\">\"Muy contentos de atenderte y te hacen sentir como en familia\".<\/h5><\/div><\/div><\/div><\/div><\/div><div class=\"fusion-fullwidth fullwidth-box fusion-builder-row-3 fusion-flex-container has-pattern-background has-mask-background nonhundred-percent-fullwidth non-hundred-percent-height-scrolling\" style=\"--awb-border-radius-top-left:0px;--awb-border-radius-top-right:0px;--awb-border-radius-bottom-right:0px;--awb-border-radius-bottom-left:0px;--awb-padding-top:50px;--awb-padding-bottom:50px;--awb-flex-wrap:wrap;\" ><div class=\"fusion-builder-row fusion-row fusion-flex-align-items-stretch fusion-flex-content-wrap\" style=\"max-width:calc( 1500px + 0px );margin-left: calc(-0px \/ 2 );margin-right: calc(-0px \/ 2 );\"><div class=\"fusion-layout-column fusion_builder_column fusion-builder-column-5 fusion_builder_column_1_1 1_1 fusion-flex-column fusion-flex-align-self-stretch\" style=\"--awb-bg-size:cover;--awb-box-shadow:0px 0px 27px 7px rgba(0,0,0,0.16);;--awb-width-large:100%;--awb-margin-top-large:0px;--awb-spacing-right-large:0px;--awb-margin-bottom-large:0px;--awb-spacing-left-large:0px;--awb-width-medium:100%;--awb-order-medium:0;--awb-spacing-right-medium:0px;--awb-spacing-left-medium:0px;--awb-width-small:100%;--awb-order-small:0;--awb-spacing-right-small:0px;--awb-spacing-left-small:0px;\" data-scroll-devices=\"small-visibility,medium-visibility,large-visibility\"><div class=\"fusion-column-wrapper fusion-column-has-shadow fusion-flex-justify-content-flex-start fusion-content-layout-column\"><div class=\"fusion-builder-row fusion-builder-row-inner fusion-row fusion-flex-align-items-stretch fusion-flex-content-wrap\" style=\"width:calc( 100% + 0px ) !important;max-width:calc( 100% + 0px ) !important;margin-left: calc(-0px \/ 2 );margin-right: calc(-0px \/ 2 );\"><div class=\"fusion-layout-column fusion_builder_column_inner fusion-builder-nested-column-1 fusion_builder_column_inner_2_5 2_5 fusion-flex-column fusion-flex-align-self-stretch\" style=\"--awb-overflow:hidden;--awb-bg-image:url(&#039;https:\/\/www.rockrivercommunityclinic.com\/wp-content\/uploads\/2025\/04\/IMG_8498-2-scaled-e1744817862374.webp&#039;);--awb-bg-position:center center;--awb-bg-size:cover;--awb-border-radius:0px 6px 6px 0px;--awb-width-large:40%;--awb-margin-top-large:0px;--awb-spacing-right-large:0px;--awb-margin-bottom-large:0px;--awb-spacing-left-large:0px;--awb-width-medium:100%;--awb-order-medium:0;--awb-spacing-right-medium:0px;--awb-spacing-left-medium:0px;--awb-width-small:100%;--awb-order-small:0;--awb-spacing-right-small:0px;--awb-spacing-left-small:0px;\" data-scroll-devices=\"small-visibility,medium-visibility,large-visibility\"><div class=\"fusion-column-wrapper fusion-column-has-shadow fusion-flex-justify-content-flex-start fusion-content-layout-column fusion-empty-column-bg-image fusion-column-has-bg-image\" data-bg-url=\"https:\/\/www.rockrivercommunityclinic.com\/wp-content\/uploads\/2025\/04\/IMG_8498-2-scaled-e1744817862374.webp\"><img decoding=\"async\" class=\"fusion-empty-dims-img-placeholder fusion-no-large-visibility\" src=\"data:image\/svg+xml,%3Csvg%20xmlns%3D%27http%3A%2F%2Fwww.w3.org%2F2000%2Fsvg%27%20width%3D%271810%27%20height%3D%271590%27%20viewBox%3D%270%200%201810%201590%27%3E%3Crect%20width%3D%271810%27%20height%3D%271590%27%20fill-opacity%3D%220%22%2F%3E%3C%2Fsvg%3E\"><\/div><\/div><div class=\"fusion-layout-column fusion_builder_column_inner fusion-builder-nested-column-2 fusion_builder_column_inner_3_5 3_5 fusion-flex-column fusion-flex-align-self-stretch\" style=\"--awb-padding-top:7%;--awb-padding-right:7%;--awb-padding-bottom:7%;--awb-padding-left:7%;--awb-overflow:hidden;--awb-bg-size:cover;--awb-border-radius:0px 6px 6px 0px;--awb-width-large:60%;--awb-margin-top-large:0px;--awb-spacing-right-large:0px;--awb-margin-bottom-large:0px;--awb-spacing-left-large:0px;--awb-width-medium:100%;--awb-order-medium:0;--awb-spacing-right-medium:0px;--awb-spacing-left-medium:0px;--awb-width-small:100%;--awb-order-small:0;--awb-spacing-right-small:0px;--awb-spacing-left-small:0px;\" data-scroll-devices=\"small-visibility,medium-visibility,large-visibility\"><div class=\"fusion-column-wrapper fusion-column-has-shadow fusion-flex-justify-content-flex-start fusion-content-layout-column\"><div class=\"fusion-title title fusion-title-11 fusion-sep-none fusion-title-text fusion-title-size-three\"><h3 class=\"fusion-title-heading title-heading-left fusion-responsive-typography-calculated\" style=\"margin:0;--fontSize:34;line-height:var(--awb-typography1-line-height);\">Una sanidad asequible<\/h3><\/div><div class=\"fusion-text fusion-text-4\"><p>Nos comprometemos a prestar servicios sanitarios asequibles independientemente de su capacidad de pago.<\/p>\n<p>Aceptamos Medicaid, Medicare y muchos planes de seguros privados comerciales y Market Place.<\/p>\n<p>\u00bfNo tiene seguro? No hay problema. Al igual que muchos de nuestros pacientes, usted puede calificar para nuestro Programa de Descuento de Tarifa M\u00f3vil para recibir atenci\u00f3n de un proveedor por tan poco como $10 por visita.<\/p>\n<\/div><div class=\"fusion-title title fusion-title-12 fusion-sep-none fusion-title-text fusion-title-size-four\"><h4 class=\"fusion-title-heading title-heading-left fusion-responsive-typography-calculated\" style=\"margin:0;--fontSize:24;line-height:var(--awb-typography1-line-height);\"><a href=\"\/es\/patient-information\/making-healthcare-affordable\/\" class=\"awb-custom-text-color awb-custom-text-hover-color\" target=\"_self\">Informaci\u00f3n sobre facturaci\u00f3n y seguros<\/a><\/h4><\/div><\/div><\/div><\/div><\/div><\/div><\/div><\/div>\n<\/p>","protected":false},"excerpt":{"rendered":"","protected":false},"author":1,"featured_media":0,"parent":97,"menu_order":0,"comment_status":"closed","ping_status":"closed","template":"100-width.php","meta":{"_acf_changed":false,"footnotes":""},"class_list":["post-537","page","type-page","status-publish","hentry"],"acf":[],"yoast_head":"<!-- This site is optimized with the Yoast SEO plugin v24.0 - https:\/\/yoast.com\/wordpress\/plugins\/seo\/ -->\n<title>Care Coordination | Rock River Community Clinic<\/title>\n<meta name=\"robots\" content=\"index, follow, max-snippet:-1, max-image-preview:large, max-video-preview:-1\" \/>\n<link rel=\"canonical\" href=\"https:\/\/www.rockrivercommunityclinic.com\/es\/services\/care-coordination\/\" \/>\n<meta property=\"og:locale\" content=\"es_MX\" \/>\n<meta property=\"og:type\" content=\"article\" \/>\n<meta property=\"og:title\" content=\"Care Coordination | Rock River Community Clinic\" \/>\n<meta property=\"og:url\" content=\"https:\/\/www.rockrivercommunityclinic.com\/es\/services\/care-coordination\/\" \/>\n<meta property=\"og:site_name\" content=\"Rock River Community Clinic\" \/>\n<meta property=\"article:modified_time\" content=\"2025-03-30T23:41:47+00:00\" \/>\n<meta property=\"og:image\" content=\"https:\/\/www.rockrivercommunityclinic.com\/wp-content\/uploads\/2024\/11\/Generic-Yoast-png.webp\" \/>\n\t<meta property=\"og:image:width\" content=\"1200\" \/>\n\t<meta property=\"og:image:height\" content=\"675\" \/>\n\t<meta property=\"og:image:type\" content=\"image\/png\" \/>\n<meta name=\"twitter:card\" content=\"summary_large_image\" \/>\n<meta name=\"twitter:label1\" content=\"Tiempo de lectura\" \/>\n\t<meta name=\"twitter:data1\" content=\"2 minutos\" \/>\n<script type=\"application\/ld+json\" class=\"yoast-schema-graph\">{\"@context\":\"https:\/\/schema.org\",\"@graph\":[{\"@type\":\"WebPage\",\"@id\":\"https:\/\/www.rockrivercommunityclinic.com\/services\/care-coordination\/\",\"url\":\"https:\/\/www.rockrivercommunityclinic.com\/services\/care-coordination\/\",\"name\":\"Care Coordination | Rock River Community Clinic\",\"isPartOf\":{\"@id\":\"https:\/\/www.rockrivercommunityclinic.com\/#website\"},\"datePublished\":\"2024-10-22T16:08:20+00:00\",\"dateModified\":\"2025-03-30T23:41:47+00:00\",\"breadcrumb\":{\"@id\":\"https:\/\/www.rockrivercommunityclinic.com\/services\/care-coordination\/#breadcrumb\"},\"inLanguage\":\"es\",\"potentialAction\":[{\"@type\":\"ReadAction\",\"target\":[\"https:\/\/www.rockrivercommunityclinic.com\/services\/care-coordination\/\"]}]},{\"@type\":\"BreadcrumbList\",\"@id\":\"https:\/\/www.rockrivercommunityclinic.com\/services\/care-coordination\/#breadcrumb\",\"itemListElement\":[{\"@type\":\"ListItem\",\"position\":1,\"name\":\"Home\",\"item\":\"https:\/\/www.rockrivercommunityclinic.com\/\"},{\"@type\":\"ListItem\",\"position\":2,\"name\":\"Services\",\"item\":\"https:\/\/www.rockrivercommunityclinic.com\/es\/services\/\"},{\"@type\":\"ListItem\",\"position\":3,\"name\":\"Care Coordination\"}]},{\"@type\":\"WebSite\",\"@id\":\"https:\/\/www.rockrivercommunityclinic.com\/#website\",\"url\":\"https:\/\/www.rockrivercommunityclinic.com\/\",\"name\":\"Rock River Community Clinic\",\"description\":\"\",\"publisher\":{\"@id\":\"https:\/\/www.rockrivercommunityclinic.com\/#organization\"},\"potentialAction\":[{\"@type\":\"SearchAction\",\"target\":{\"@type\":\"EntryPoint\",\"urlTemplate\":\"https:\/\/www.rockrivercommunityclinic.com\/?s={search_term_string}\"},\"query-input\":{\"@type\":\"PropertyValueSpecification\",\"valueRequired\":true,\"valueName\":\"search_term_string\"}}],\"inLanguage\":\"es\"},{\"@type\":\"Organization\",\"@id\":\"https:\/\/www.rockrivercommunityclinic.com\/#organization\",\"name\":\"Rock River Community Clinic\",\"url\":\"https:\/\/www.rockrivercommunityclinic.com\/\",\"logo\":{\"@type\":\"ImageObject\",\"inLanguage\":\"es\",\"@id\":\"https:\/\/www.rockrivercommunityclinic.com\/#\/schema\/logo\/image\/\",\"url\":\"https:\/\/www.rockrivercommunityclinic.com\/wp-content\/uploads\/2024\/10\/RRCC-Logo-horizontal-png.avif\",\"contentUrl\":\"https:\/\/www.rockrivercommunityclinic.com\/wp-content\/uploads\/2024\/10\/RRCC-Logo-horizontal-png.avif\",\"width\":653,\"height\":147,\"caption\":\"Rock River Community Clinic\"},\"image\":{\"@id\":\"https:\/\/www.rockrivercommunityclinic.com\/#\/schema\/logo\/image\/\"}}]}<\/script>\n<!-- \/ Yoast SEO plugin. -->","yoast_head_json":{"title":"Care Coordination | Rock River Community Clinic","robots":{"index":"index","follow":"follow","max-snippet":"max-snippet:-1","max-image-preview":"max-image-preview:large","max-video-preview":"max-video-preview:-1"},"canonical":"https:\/\/www.rockrivercommunityclinic.com\/es\/services\/care-coordination\/","og_locale":"es_MX","og_type":"article","og_title":"Care Coordination | Rock River Community Clinic","og_url":"https:\/\/www.rockrivercommunityclinic.com\/es\/services\/care-coordination\/","og_site_name":"Rock River Community Clinic","article_modified_time":"2025-03-30T23:41:47+00:00","og_image":[{"width":1200,"height":675,"url":"https:\/\/www.rockrivercommunityclinic.com\/wp-content\/uploads\/2024\/11\/Generic-Yoast-png.webp","type":"image\/png"}],"twitter_card":"summary_large_image","twitter_misc":{"Tiempo de lectura":"2 minutos"},"schema":{"@context":"https:\/\/schema.org","@graph":[{"@type":"WebPage","@id":"https:\/\/www.rockrivercommunityclinic.com\/services\/care-coordination\/","url":"https:\/\/www.rockrivercommunityclinic.com\/services\/care-coordination\/","name":"Care Coordination | Rock River Community Clinic","isPartOf":{"@id":"https:\/\/www.rockrivercommunityclinic.com\/#website"},"datePublished":"2024-10-22T16:08:20+00:00","dateModified":"2025-03-30T23:41:47+00:00","breadcrumb":{"@id":"https:\/\/www.rockrivercommunityclinic.com\/services\/care-coordination\/#breadcrumb"},"inLanguage":"es","potentialAction":[{"@type":"ReadAction","target":["https:\/\/www.rockrivercommunityclinic.com\/services\/care-coordination\/"]}]},{"@type":"BreadcrumbList","@id":"https:\/\/www.rockrivercommunityclinic.com\/services\/care-coordination\/#breadcrumb","itemListElement":[{"@type":"ListItem","position":1,"name":"Home","item":"https:\/\/www.rockrivercommunityclinic.com\/"},{"@type":"ListItem","position":2,"name":"Services","item":"https:\/\/www.rockrivercommunityclinic.com\/es\/services\/"},{"@type":"ListItem","position":3,"name":"Care Coordination"}]},{"@type":"WebSite","@id":"https:\/\/www.rockrivercommunityclinic.com\/#website","url":"https:\/\/www.rockrivercommunityclinic.com\/","name":"Rock River Community Clinic","description":"","publisher":{"@id":"https:\/\/www.rockrivercommunityclinic.com\/#organization"},"potentialAction":[{"@type":"SearchAction","target":{"@type":"EntryPoint","urlTemplate":"https:\/\/www.rockrivercommunityclinic.com\/?s={search_term_string}"},"query-input":{"@type":"PropertyValueSpecification","valueRequired":true,"valueName":"search_term_string"}}],"inLanguage":"es"},{"@type":"Organization","@id":"https:\/\/www.rockrivercommunityclinic.com\/#organization","name":"Rock River Community Clinic","url":"https:\/\/www.rockrivercommunityclinic.com\/","logo":{"@type":"ImageObject","inLanguage":"es","@id":"https:\/\/www.rockrivercommunityclinic.com\/#\/schema\/logo\/image\/","url":"https:\/\/www.rockrivercommunityclinic.com\/wp-content\/uploads\/2024\/10\/RRCC-Logo-horizontal-png.avif","contentUrl":"https:\/\/www.rockrivercommunityclinic.com\/wp-content\/uploads\/2024\/10\/RRCC-Logo-horizontal-png.avif","width":653,"height":147,"caption":"Rock River Community Clinic"},"image":{"@id":"https:\/\/www.rockrivercommunityclinic.com\/#\/schema\/logo\/image\/"}}]}},"_links":{"self":[{"href":"https:\/\/www.rockrivercommunityclinic.com\/es\/wp-json\/wp\/v2\/pages\/537","targetHints":{"allow":["GET"]}}],"collection":[{"href":"https:\/\/www.rockrivercommunityclinic.com\/es\/wp-json\/wp\/v2\/pages"}],"about":[{"href":"https:\/\/www.rockrivercommunityclinic.com\/es\/wp-json\/wp\/v2\/types\/page"}],"author":[{"embeddable":true,"href":"https:\/\/www.rockrivercommunityclinic.com\/es\/wp-json\/wp\/v2\/users\/1"}],"replies":[{"embeddable":true,"href":"https:\/\/www.rockrivercommunityclinic.com\/es\/wp-json\/wp\/v2\/comments?post=537"}],"version-history":[{"count":28,"href":"https:\/\/www.rockrivercommunityclinic.com\/es\/wp-json\/wp\/v2\/pages\/537\/revisions"}],"predecessor-version":[{"id":2068,"href":"https:\/\/www.rockrivercommunityclinic.com\/es\/wp-json\/wp\/v2\/pages\/537\/revisions\/2068"}],"up":[{"embeddable":true,"href":"https:\/\/www.rockrivercommunityclinic.com\/es\/wp-json\/wp\/v2\/pages\/97"}],"wp:attachment":[{"href":"https:\/\/www.rockrivercommunityclinic.com\/es\/wp-json\/wp\/v2\/media?parent=537"}],"curies":[{"name":"wp","href":"https:\/\/api.w.org\/{rel}","templated":true}]}}