{"id":79,"date":"2024-10-16T21:03:26","date_gmt":"2024-10-16T21:03:26","guid":{"rendered":"https:\/\/live-rock-river-community-clinic.pantheonsite.io\/?page_id=79"},"modified":"2025-03-31T13:05:23","modified_gmt":"2025-03-31T13:05:23","slug":"support-us","status":"publish","type":"page","link":"https:\/\/www.rockrivercommunityclinic.com\/es\/support-us\/","title":{"rendered":"Ap\u00f3yanos"},"content":{"rendered":"<div class=\"fusion-fullwidth fullwidth-box fusion-builder-row-1 fusion-flex-container has-pattern-background has-mask-background nonhundred-percent-fullwidth non-hundred-percent-height-scrolling\" style=\"--awb-border-radius-top-left:0px;--awb-border-radius-top-right:0px;--awb-border-radius-bottom-right:0px;--awb-border-radius-bottom-left:0px;--awb-margin-top:30px;--awb-flex-wrap:wrap;\" ><div class=\"fusion-builder-row fusion-row fusion-flex-align-items-stretch fusion-flex-content-wrap\" style=\"max-width:1560px;margin-left: calc(-4% \/ 2 );margin-right: calc(-4% \/ 2 );\"><div class=\"fusion-layout-column fusion_builder_column fusion-builder-column-0 fusion_builder_column_1_1 1_1 fusion-flex-column\" style=\"--awb-bg-size:cover;--awb-width-large:100%;--awb-margin-top-large:0px;--awb-spacing-right-large:1.92%;--awb-margin-bottom-large:20px;--awb-spacing-left-large:1.92%;--awb-width-medium:100%;--awb-order-medium:0;--awb-spacing-right-medium:1.92%;--awb-spacing-left-medium:1.92%;--awb-width-small:100%;--awb-order-small:0;--awb-spacing-right-small:1.92%;--awb-spacing-left-small:1.92%;\"><div class=\"fusion-column-wrapper fusion-column-has-shadow fusion-flex-justify-content-flex-start fusion-content-layout-column\"><div class=\"fusion-title title fusion-title-1 fusion-sep-none fusion-title-text fusion-title-size-two\" style=\"--awb-text-color:var(--awb-color6);\"><h2 class=\"fusion-title-heading title-heading-left fusion-responsive-typography-calculated\" style=\"margin:0;--fontSize:50;line-height:var(--awb-typography1-line-height);\"><div style=\"text-align: center;\"><span style=\"color: var(--awb-text-color); font-family: var(--h2_typography-font-family); font-size: 1em; font-style: var(--h2_typography-font-style,normal); font-weight: var(--h2_typography-font-weight); letter-spacing: var(--h2_typography-letter-spacing); text-transform: var(--h2_typography-text-transform); background-color: var(--awb-bg-color);\">La salud comunitaria requiere el apoyo de la comunidad<\/span><\/div><\/h2><\/div><div class=\"fusion-text fusion-text-1\" style=\"--awb-text-font-family:&quot;proxima-nova&quot;;--awb-text-font-style:normal;--awb-text-font-weight:400;\"><p style=\"text-align: center; line-height: 26px;\">Rock River Community Clinic est\u00e1 profundamente agradecida a nuestros colaboradores y comunidades por su continua generosidad. Sus inversiones (en donaciones, tiempo y pasi\u00f3n) nos permiten seguir ofreciendo a nuestros pacientes una atenci\u00f3n de alta calidad, accesible y equitativa.<\/p>\n<\/div><\/div><\/div><div class=\"fusion-layout-column fusion_builder_column fusion-builder-column-1 fusion_builder_column_1_3 1_3 fusion-flex-column\" style=\"--awb-padding-top:55px;--awb-padding-right:30px;--awb-padding-bottom:55px;--awb-padding-left:30px;--awb-bg-color:var(--awb-color2);--awb-bg-color-hover:var(--awb-color2);--awb-bg-size:cover;--awb-box-shadow:0px 0px 27px 7px rgba(0,0,0,0.17);;--awb-width-large:33.333333333333%;--awb-margin-top-large:0px;--awb-spacing-right-large:5.76%;--awb-margin-bottom-large:20px;--awb-spacing-left-large:5.76%;--awb-width-medium:33.333333333333%;--awb-order-medium:0;--awb-spacing-right-medium:5.76%;--awb-spacing-left-medium:5.76%;--awb-width-small:100%;--awb-order-small:0;--awb-spacing-right-small:1.92%;--awb-spacing-left-small:1.92%;\" data-scroll-devices=\"small-visibility,medium-visibility,large-visibility\"><div class=\"fusion-column-wrapper fusion-column-has-shadow fusion-flex-justify-content-flex-start fusion-content-layout-column\"><div class=\"fusion-title title fusion-title-2 fusion-sep-none fusion-title-text fusion-title-size-three\" style=\"--awb-text-color:var(--awb-color7);\"><h3 class=\"fusion-title-heading title-heading-left fusion-responsive-typography-calculated\" style=\"margin:0;--fontSize:34;line-height:var(--awb-typography1-line-height);\"><div style=\"text-align: center;\">\n<span style=\"color: var(--awb-text-color); font-family: var(--h3_typography-font-family); font-size: 1em; font-style: var(--h3_typography-font-style,normal); font-weight: var(--h3_typography-font-weight); letter-spacing: var(--h3_typography-letter-spacing); text-transform: var(--h3_typography-text-transform); background-color: var(--awb-bg-color);\">Dona.<\/span><\/div><\/h3><\/div><div class=\"fusion-text fusion-text-2\"><p style=\"text-align: center; \">El apoyo de los donantes es fundamental para mantener nuestras operaciones generales y la atenci\u00f3n de alta calidad a los pacientes. Los cheques pueden enviarse por correo a la direcci\u00f3n indicada m\u00e1s abajo y las donaciones con tarjeta de cr\u00e9dito pueden realizarse a trav\u00e9s del siguiente enlace. <\/p>\n<\/p>\n<div style=\"text-align: center;\"><span style=\"color: var(--awb-text-color); font-family: var(--awb-text-font-family); font-size: var(--awb-font-size); font-style: var(--awb-text-font-style); font-weight: var(--awb-text-font-weight); letter-spacing: var(--awb-letter-spacing); text-align: var(--awb-content-alignment); text-transform: var(--awb-text-transform); background-color: var(--awb-bg-color);\">Cl\u00ednica comunitaria Rock River<\/span><\/div>\n<div style=\"text-align: center;\"><span style=\"color: var(--awb-text-color); font-family: var(--awb-text-font-family); font-size: var(--awb-font-size); font-style: var(--awb-text-font-style); font-weight: var(--awb-text-font-weight); letter-spacing: var(--awb-letter-spacing); text-align: var(--awb-content-alignment); text-transform: var(--awb-text-transform); background-color: var(--awb-bg-color);\">1461 W. Main Street<\/span><\/div>\n<p><span style=\"color: var(--awb-text-color); font-family: var(--awb-text-font-family); font-size: var(--awb-font-size); font-style: var(--awb-text-font-style); font-weight: var(--awb-text-font-weight); letter-spacing: var(--awb-letter-spacing); text-align: var(--awb-content-alignment); text-transform: var(--awb-text-transform); background-color: var(--awb-bg-color-hover);\"><\/p>\n<div style=\"text-align: center;\"><span style=\"background-color: var(--awb-bg-color-hover); color: var(--awb-text-color); font-family: var(--awb-text-font-family); font-size: var(--awb-font-size); font-style: var(--awb-text-font-style); font-weight: var(--awb-text-font-weight); letter-spacing: var(--awb-letter-spacing); text-align: var(--awb-content-alignment); text-transform: var(--awb-text-transform);\">Whitewater, WI 53190<\/span><\/div>\n<p><\/span><\/p>\n<\/div><div style=\"text-align:center;\"><a class=\"fusion-button button-flat fusion-button-default-size button-default fusion-button-default button-1 fusion-button-default-span fusion-button-default-type\" target=\"_self\" href=\"\/es\/support-us\/donate-now\/\"><span class=\"fusion-button-text\">DONAR AHORA<\/span><\/a><\/div><\/div><\/div><div class=\"fusion-layout-column fusion_builder_column fusion-builder-column-2 fusion_builder_column_1_3 1_3 fusion-flex-column\" style=\"--awb-padding-top:55px;--awb-padding-right:30px;--awb-padding-bottom:55px;--awb-padding-left:30px;--awb-bg-color:var(--awb-color2);--awb-bg-color-hover:var(--awb-color2);--awb-bg-size:cover;--awb-box-shadow:0px 0px 27px 7px rgba(0,0,0,0.17);;--awb-width-large:33.333333333333%;--awb-margin-top-large:0px;--awb-spacing-right-large:5.76%;--awb-margin-bottom-large:20px;--awb-spacing-left-large:5.76%;--awb-width-medium:33.333333333333%;--awb-order-medium:0;--awb-spacing-right-medium:5.76%;--awb-spacing-left-medium:5.76%;--awb-width-small:100%;--awb-order-small:0;--awb-spacing-right-small:1.92%;--awb-spacing-left-small:1.92%;\" data-scroll-devices=\"small-visibility,medium-visibility,large-visibility\"><div class=\"fusion-column-wrapper fusion-column-has-shadow fusion-flex-justify-content-flex-start fusion-content-layout-column\"><div class=\"fusion-title title fusion-title-3 fusion-sep-none fusion-title-text fusion-title-size-three\" style=\"--awb-text-color:var(--awb-color7);\"><h3 class=\"fusion-title-heading title-heading-left fusion-responsive-typography-calculated\" style=\"margin:0;--fontSize:34;line-height:var(--awb-typography1-line-height);\"><div style=\"text-align: center;\"><span style=\"color: var(--awb-text-color); font-family: var(--h3_typography-font-family); font-size: 1em; font-style: var(--h3_typography-font-style,normal); font-weight: var(--h3_typography-font-weight); letter-spacing: var(--h3_typography-letter-spacing); text-transform: var(--h3_typography-text-transform); background-color: var(--awb-bg-color);\">Voluntario.<\/span><\/div><\/h3><\/div><div class=\"fusion-text fusion-text-3\"><p style=\"text-align: center; \">\u00a1Invierta su tiempo con RRCC! Siempre buscamos el apoyo voluntario de personas de la localidad que sientan pasi\u00f3n por la salud comunitaria y tengan inter\u00e9s en ayudar a los dem\u00e1s. <\/p>\n<p style=\"text-align: center; \">Si est\u00e1 interesado en prestar su tiempo a nuestra misi\u00f3n, haga clic a continuaci\u00f3n para enviar nuestro formulario de inter\u00e9s para voluntarios. Gracias por su inter\u00e9s.<\/p>\n<\/div><div style=\"text-align:center;\"><a class=\"fusion-button button-flat fusion-button-default-size button-default fusion-button-default button-2 fusion-button-default-span fusion-button-default-type\" target=\"_self\" href=\"https:\/\/docs.google.com\/forms\/d\/e\/1FAIpQLSeXt6-So7WT0wDSa-XyL7EwdlT1szMgzQtTbJc3iWhRpB6LAQ\/viewform\"><span class=\"fusion-button-text\">FORMULARIO DE VOLUNTARIADO<\/span><\/a><\/div><\/div><\/div><div class=\"fusion-layout-column fusion_builder_column fusion-builder-column-3 fusion_builder_column_1_3 1_3 fusion-flex-column\" style=\"--awb-padding-top:55px;--awb-padding-right:30px;--awb-padding-bottom:55px;--awb-padding-left:30px;--awb-bg-color:var(--awb-color2);--awb-bg-color-hover:var(--awb-color2);--awb-bg-size:cover;--awb-box-shadow:0px 0px 27px 7px rgba(0,0,0,0.17);;--awb-width-large:33.333333333333%;--awb-margin-top-large:0px;--awb-spacing-right-large:5.76%;--awb-margin-bottom-large:20px;--awb-spacing-left-large:5.76%;--awb-width-medium:33.333333333333%;--awb-order-medium:0;--awb-spacing-right-medium:5.76%;--awb-spacing-left-medium:5.76%;--awb-width-small:100%;--awb-order-small:0;--awb-spacing-right-small:1.92%;--awb-spacing-left-small:1.92%;\" data-scroll-devices=\"small-visibility,medium-visibility,large-visibility\"><div class=\"fusion-column-wrapper fusion-column-has-shadow fusion-flex-justify-content-flex-start fusion-content-layout-column\"><div class=\"fusion-title title fusion-title-4 fusion-sep-none fusion-title-text fusion-title-size-three\" style=\"--awb-text-color:var(--awb-color7);\"><h3 class=\"fusion-title-heading title-heading-left fusion-responsive-typography-calculated\" style=\"margin:0;--fontSize:34;line-height:var(--awb-typography1-line-height);\"><div style=\"text-align: center;\"><span style=\"color: var(--awb-text-color); font-family: var(--h3_typography-font-family); font-size: 1em; font-style: var(--h3_typography-font-style,normal); font-weight: var(--h3_typography-font-weight); letter-spacing: var(--h3_typography-letter-spacing); text-transform: var(--h3_typography-text-transform); background-color: var(--awb-bg-color);\">Mant\u00e9ngase conectado.<\/span><\/div><\/h3><\/div><div class=\"fusion-text fusion-text-4\"><p style=\"text-align: center; \">Una de las mejores formas de apoyar la misi\u00f3n de RRCC es mantenerse en contacto con nuestro trabajo.<\/p>\n<p style=\"text-align: center; \">Siga nuestras p\u00e1ginas en las redes sociales de RRCC en Facebook, Instagram y LinkedIn para saber m\u00e1s sobre nuestro equipo, nuestros servicios y la pasi\u00f3n que sentimos por la salud comunitaria. Para a\u00fan m\u00e1s conexi\u00f3n, <span style=\"color: var(--awb-text-color); font-family: var(--awb-text-font-family); font-size: var(--awb-font-size); font-style: var(--awb-text-font-style); font-weight: var(--awb-text-font-weight); letter-spacing: var(--awb-letter-spacing); text-align: var(--awb-content-alignment); text-transform: var(--awb-text-transform); background-color: var(--awb-bg-color-hover);\">haga clic a continuaci\u00f3n para ser a\u00f1adido a nuestra lista de correo.<\/span><\/p>\n<\/div><div style=\"text-align:center;\"><a class=\"fusion-button button-flat fusion-button-default-size button-default fusion-button-default button-3 fusion-button-default-span fusion-button-default-type\" target=\"_self\" href=\"https:\/\/forms.gle\/AyoK4V5q3sL4f1tS6\"><span class=\"fusion-button-text\">LISTA DE CORREO RRCC<\/span><\/a><\/div><\/div><\/div><\/div><\/div>","protected":false},"excerpt":{"rendered":"","protected":false},"author":1,"featured_media":0,"parent":0,"menu_order":0,"comment_status":"closed","ping_status":"closed","template":"100-width.php","meta":{"_acf_changed":false,"footnotes":""},"class_list":["post-79","page","type-page","status-publish","hentry"],"acf":[],"yoast_head":"<!-- This site is optimized with the Yoast SEO plugin v24.0 - https:\/\/yoast.com\/wordpress\/plugins\/seo\/ -->\n<title>Support Us | Rock River Community Clinic<\/title>\n<meta name=\"robots\" content=\"index, follow, max-snippet:-1, max-image-preview:large, max-video-preview:-1\" \/>\n<link rel=\"canonical\" href=\"https:\/\/www.rockrivercommunityclinic.com\/es\/support-us\/\" \/>\n<meta property=\"og:locale\" content=\"es_MX\" \/>\n<meta property=\"og:type\" content=\"article\" \/>\n<meta property=\"og:title\" content=\"Support Us | Rock River Community Clinic\" \/>\n<meta property=\"og:url\" content=\"https:\/\/www.rockrivercommunityclinic.com\/es\/support-us\/\" \/>\n<meta property=\"og:site_name\" content=\"Rock River Community Clinic\" \/>\n<meta property=\"article:modified_time\" content=\"2025-03-31T13:05:23+00:00\" \/>\n<meta property=\"og:image\" content=\"https:\/\/www.rockrivercommunityclinic.com\/wp-content\/uploads\/2024\/12\/Untitled-design-1-jpg.webp\" \/>\n\t<meta property=\"og:image:width\" content=\"1200\" \/>\n\t<meta property=\"og:image:height\" content=\"630\" \/>\n\t<meta property=\"og:image:type\" content=\"image\/jpeg\" \/>\n<meta name=\"twitter:card\" content=\"summary_large_image\" \/>\n<meta name=\"twitter:label1\" content=\"Tiempo de lectura\" \/>\n\t<meta name=\"twitter:data1\" content=\"1 minuto\" \/>\n<script type=\"application\/ld+json\" class=\"yoast-schema-graph\">{\"@context\":\"https:\/\/schema.org\",\"@graph\":[{\"@type\":\"WebPage\",\"@id\":\"https:\/\/www.rockrivercommunityclinic.com\/support-us\/\",\"url\":\"https:\/\/www.rockrivercommunityclinic.com\/support-us\/\",\"name\":\"Support Us | Rock River Community Clinic\",\"isPartOf\":{\"@id\":\"https:\/\/www.rockrivercommunityclinic.com\/#website\"},\"datePublished\":\"2024-10-16T21:03:26+00:00\",\"dateModified\":\"2025-03-31T13:05:23+00:00\",\"breadcrumb\":{\"@id\":\"https:\/\/www.rockrivercommunityclinic.com\/support-us\/#breadcrumb\"},\"inLanguage\":\"es\",\"potentialAction\":[{\"@type\":\"ReadAction\",\"target\":[\"https:\/\/www.rockrivercommunityclinic.com\/support-us\/\"]}]},{\"@type\":\"BreadcrumbList\",\"@id\":\"https:\/\/www.rockrivercommunityclinic.com\/support-us\/#breadcrumb\",\"itemListElement\":[{\"@type\":\"ListItem\",\"position\":1,\"name\":\"Home\",\"item\":\"https:\/\/www.rockrivercommunityclinic.com\/\"},{\"@type\":\"ListItem\",\"position\":2,\"name\":\"Support Us\"}]},{\"@type\":\"WebSite\",\"@id\":\"https:\/\/www.rockrivercommunityclinic.com\/#website\",\"url\":\"https:\/\/www.rockrivercommunityclinic.com\/\",\"name\":\"Rock River Community Clinic\",\"description\":\"\",\"publisher\":{\"@id\":\"https:\/\/www.rockrivercommunityclinic.com\/#organization\"},\"potentialAction\":[{\"@type\":\"SearchAction\",\"target\":{\"@type\":\"EntryPoint\",\"urlTemplate\":\"https:\/\/www.rockrivercommunityclinic.com\/?s={search_term_string}\"},\"query-input\":{\"@type\":\"PropertyValueSpecification\",\"valueRequired\":true,\"valueName\":\"search_term_string\"}}],\"inLanguage\":\"es\"},{\"@type\":\"Organization\",\"@id\":\"https:\/\/www.rockrivercommunityclinic.com\/#organization\",\"name\":\"Rock River Community Clinic\",\"url\":\"https:\/\/www.rockrivercommunityclinic.com\/\",\"logo\":{\"@type\":\"ImageObject\",\"inLanguage\":\"es\",\"@id\":\"https:\/\/www.rockrivercommunityclinic.com\/#\/schema\/logo\/image\/\",\"url\":\"https:\/\/www.rockrivercommunityclinic.com\/wp-content\/uploads\/2024\/10\/RRCC-Logo-horizontal-png.avif\",\"contentUrl\":\"https:\/\/www.rockrivercommunityclinic.com\/wp-content\/uploads\/2024\/10\/RRCC-Logo-horizontal-png.avif\",\"width\":653,\"height\":147,\"caption\":\"Rock River Community Clinic\"},\"image\":{\"@id\":\"https:\/\/www.rockrivercommunityclinic.com\/#\/schema\/logo\/image\/\"}}]}<\/script>\n<!-- \/ Yoast SEO plugin. -->","yoast_head_json":{"title":"Support Us | Rock River Community Clinic","robots":{"index":"index","follow":"follow","max-snippet":"max-snippet:-1","max-image-preview":"max-image-preview:large","max-video-preview":"max-video-preview:-1"},"canonical":"https:\/\/www.rockrivercommunityclinic.com\/es\/support-us\/","og_locale":"es_MX","og_type":"article","og_title":"Support Us | Rock River Community Clinic","og_url":"https:\/\/www.rockrivercommunityclinic.com\/es\/support-us\/","og_site_name":"Rock River Community Clinic","article_modified_time":"2025-03-31T13:05:23+00:00","og_image":[{"width":1200,"height":630,"url":"https:\/\/www.rockrivercommunityclinic.com\/wp-content\/uploads\/2024\/12\/Untitled-design-1-jpg.webp","type":"image\/jpeg"}],"twitter_card":"summary_large_image","twitter_misc":{"Tiempo de lectura":"1 minuto"},"schema":{"@context":"https:\/\/schema.org","@graph":[{"@type":"WebPage","@id":"https:\/\/www.rockrivercommunityclinic.com\/support-us\/","url":"https:\/\/www.rockrivercommunityclinic.com\/support-us\/","name":"Support Us | Rock River Community Clinic","isPartOf":{"@id":"https:\/\/www.rockrivercommunityclinic.com\/#website"},"datePublished":"2024-10-16T21:03:26+00:00","dateModified":"2025-03-31T13:05:23+00:00","breadcrumb":{"@id":"https:\/\/www.rockrivercommunityclinic.com\/support-us\/#breadcrumb"},"inLanguage":"es","potentialAction":[{"@type":"ReadAction","target":["https:\/\/www.rockrivercommunityclinic.com\/support-us\/"]}]},{"@type":"BreadcrumbList","@id":"https:\/\/www.rockrivercommunityclinic.com\/support-us\/#breadcrumb","itemListElement":[{"@type":"ListItem","position":1,"name":"Home","item":"https:\/\/www.rockrivercommunityclinic.com\/"},{"@type":"ListItem","position":2,"name":"Support Us"}]},{"@type":"WebSite","@id":"https:\/\/www.rockrivercommunityclinic.com\/#website","url":"https:\/\/www.rockrivercommunityclinic.com\/","name":"Rock River Community Clinic","description":"","publisher":{"@id":"https:\/\/www.rockrivercommunityclinic.com\/#organization"},"potentialAction":[{"@type":"SearchAction","target":{"@type":"EntryPoint","urlTemplate":"https:\/\/www.rockrivercommunityclinic.com\/?s={search_term_string}"},"query-input":{"@type":"PropertyValueSpecification","valueRequired":true,"valueName":"search_term_string"}}],"inLanguage":"es"},{"@type":"Organization","@id":"https:\/\/www.rockrivercommunityclinic.com\/#organization","name":"Rock River Community Clinic","url":"https:\/\/www.rockrivercommunityclinic.com\/","logo":{"@type":"ImageObject","inLanguage":"es","@id":"https:\/\/www.rockrivercommunityclinic.com\/#\/schema\/logo\/image\/","url":"https:\/\/www.rockrivercommunityclinic.com\/wp-content\/uploads\/2024\/10\/RRCC-Logo-horizontal-png.avif","contentUrl":"https:\/\/www.rockrivercommunityclinic.com\/wp-content\/uploads\/2024\/10\/RRCC-Logo-horizontal-png.avif","width":653,"height":147,"caption":"Rock River Community Clinic"},"image":{"@id":"https:\/\/www.rockrivercommunityclinic.com\/#\/schema\/logo\/image\/"}}]}},"_links":{"self":[{"href":"https:\/\/www.rockrivercommunityclinic.com\/es\/wp-json\/wp\/v2\/pages\/79","targetHints":{"allow":["GET"]}}],"collection":[{"href":"https:\/\/www.rockrivercommunityclinic.com\/es\/wp-json\/wp\/v2\/pages"}],"about":[{"href":"https:\/\/www.rockrivercommunityclinic.com\/es\/wp-json\/wp\/v2\/types\/page"}],"author":[{"embeddable":true,"href":"https:\/\/www.rockrivercommunityclinic.com\/es\/wp-json\/wp\/v2\/users\/1"}],"replies":[{"embeddable":true,"href":"https:\/\/www.rockrivercommunityclinic.com\/es\/wp-json\/wp\/v2\/comments?post=79"}],"version-history":[{"count":33,"href":"https:\/\/www.rockrivercommunityclinic.com\/es\/wp-json\/wp\/v2\/pages\/79\/revisions"}],"predecessor-version":[{"id":2102,"href":"https:\/\/www.rockrivercommunityclinic.com\/es\/wp-json\/wp\/v2\/pages\/79\/revisions\/2102"}],"wp:attachment":[{"href":"https:\/\/www.rockrivercommunityclinic.com\/es\/wp-json\/wp\/v2\/media?parent=79"}],"curies":[{"name":"wp","href":"https:\/\/api.w.org\/{rel}","templated":true}]}}