{"id":829,"date":"2024-11-07T20:43:22","date_gmt":"2024-11-07T20:43:22","guid":{"rendered":"https:\/\/live-rock-river-community-clinic.pantheonsite.io\/?page_id=829"},"modified":"2025-12-23T22:34:57","modified_gmt":"2025-12-23T22:34:57","slug":"donate-now","status":"publish","type":"page","link":"https:\/\/www.rockrivercommunityclinic.com\/es\/support-us\/donate-now\/","title":{"rendered":"Donar ahora"},"content":{"rendered":"<div class=\"fusion-fullwidth fullwidth-box fusion-builder-row-1 fusion-flex-container has-pattern-background has-mask-background nonhundred-percent-fullwidth non-hundred-percent-height-scrolling\" style=\"--awb-border-radius-top-left:0px;--awb-border-radius-top-right:0px;--awb-border-radius-bottom-right:0px;--awb-border-radius-bottom-left:0px;--awb-flex-wrap:wrap;\" ><div class=\"fusion-builder-row fusion-row fusion-flex-align-items-stretch fusion-flex-content-wrap\" style=\"max-width:1560px;margin-left: calc(-4% \/ 2 );margin-right: calc(-4% \/ 2 );\"><div class=\"fusion-layout-column fusion_builder_column fusion-builder-column-0 fusion_builder_column_1_1 1_1 fusion-flex-column fusion-flex-align-self-stretch fusion-no-large-visibility\" style=\"--awb-bg-size:cover;--awb-width-large:100%;--awb-margin-top-large:0px;--awb-spacing-right-large:1.92%;--awb-margin-bottom-large:20px;--awb-spacing-left-large:1.92%;--awb-width-medium:100%;--awb-order-medium:0;--awb-spacing-right-medium:1.92%;--awb-spacing-left-medium:1.92%;--awb-width-small:100%;--awb-order-small:0;--awb-spacing-right-small:1.92%;--awb-spacing-left-small:1.92%;\" data-scroll-devices=\"small-visibility,medium-visibility,large-visibility\"><div class=\"fusion-column-wrapper fusion-column-has-shadow fusion-flex-justify-content-flex-start fusion-content-layout-column\"><div class=\"fusion-title title fusion-title-1 fusion-sep-none fusion-title-text fusion-title-size-two\" style=\"--awb-text-color:var(--awb-color7);\"><h2 class=\"fusion-title-heading title-heading-left fusion-responsive-typography-calculated\" style=\"margin:0;--fontSize:50;line-height:var(--awb-typography1-line-height);\">Apoyar una sanidad accesible<br \/>\nPara todos<\/h2><\/div><\/div><\/div><div class=\"fusion-layout-column fusion_builder_column fusion-builder-column-1 fusion_builder_column_2_3 2_3 fusion-flex-column fusion-flex-align-self-stretch\" style=\"--awb-bg-size:cover;--awb-width-large:66.666666666667%;--awb-margin-top-large:0px;--awb-spacing-right-large:2.88%;--awb-margin-bottom-large:20px;--awb-spacing-left-large:2.88%;--awb-width-medium:100%;--awb-order-medium:1;--awb-spacing-right-medium:1.92%;--awb-spacing-left-medium:1.92%;--awb-width-small:100%;--awb-order-small:1;--awb-spacing-right-small:1.92%;--awb-spacing-left-small:1.92%;\" data-scroll-devices=\"small-visibility,medium-visibility,large-visibility\"><div class=\"fusion-column-wrapper fusion-column-has-shadow fusion-flex-justify-content-flex-start fusion-content-layout-column\"><div class=\"fusion-title title fusion-title-2 fusion-no-small-visibility fusion-no-medium-visibility fusion-sep-none fusion-title-text fusion-title-size-two\" style=\"--awb-text-color:var(--awb-color7);\"><h2 class=\"fusion-title-heading title-heading-left fusion-responsive-typography-calculated\" style=\"margin:0;--fontSize:50;line-height:var(--awb-typography1-line-height);\"><p>Apoyar una sanidad accesible<br \/>\nPara todos<\/p><\/h2><\/div><div class=\"fusion-builder-row fusion-builder-row-inner fusion-row fusion-flex-align-items-stretch fusion-flex-content-wrap\" style=\"width:104% !important;max-width:104% !important;margin-left: calc(-4% \/ 2 );margin-right: calc(-4% \/ 2 );\"><div class=\"fusion-layout-column fusion_builder_column_inner fusion-builder-nested-column-0 fusion_builder_column_inner_1_1 1_1 fusion-flex-column\" style=\"--awb-bg-size:cover;--awb-width-large:100%;--awb-margin-top-large:0px;--awb-spacing-right-large:1.92%;--awb-margin-bottom-large:20px;--awb-spacing-left-large:1.92%;--awb-width-medium:100%;--awb-order-medium:0;--awb-spacing-right-medium:1.92%;--awb-spacing-left-medium:1.92%;--awb-width-small:100%;--awb-order-small:1;--awb-spacing-right-small:1.92%;--awb-spacing-left-small:1.92%;\" data-scroll-devices=\"small-visibility,medium-visibility,large-visibility\"><div class=\"fusion-column-wrapper fusion-column-has-shadow fusion-flex-justify-content-flex-start fusion-content-layout-column\"><div class=\"fusion-text fusion-text-1\"><p>Su generosidad ayuda a la Cl\u00ednica Comunitaria Rock River a continuar su misi\u00f3n de proporcionar asistencia sanitaria accesible y de alta calidad a los necesitados. Al hacer un donativo, no s\u00f3lo apoya los servicios m\u00e9dicos, sino que tambi\u00e9n ayuda a mejorar la vida de las familias y las personas de nuestra comunidad. Cada d\u00f3lar que dona nos acerca un paso m\u00e1s a una comunidad m\u00e1s sana y fuerte en la que la asistencia sanitaria es un derecho para todos, independientemente de las circunstancias econ\u00f3micas.<\/p>\n<\/div><ul style=\"--awb-line-height:27.2px;--awb-icon-width:27.2px;--awb-icon-height:27.2px;--awb-icon-margin:11.2px;--awb-content-margin:38.4px;--awb-circlecolor:var(--awb-color6);--awb-circle-yes-font-size:14.08px;\" class=\"fusion-checklist fusion-checklist-1 fusion-checklist-default type-icons\"><li class=\"fusion-li-item\" style=\"\"><span class=\"icon-wrapper circle-yes\"><i class=\"fusion-li-icon awb-icon-check\" aria-hidden=\"true\"><\/i><\/span><div class=\"fusion-li-item-content\">Prestar servicios sanitarios esenciales a personas sin seguro o con seguro insuficiente.<\/div><\/li><li class=\"fusion-li-item\" style=\"\"><span class=\"icon-wrapper circle-yes\"><i class=\"fusion-li-icon awb-icon-check\" aria-hidden=\"true\"><\/i><\/span><div class=\"fusion-li-item-content\">Apoyar programas continuos de educaci\u00f3n sanitaria y atenci\u00f3n preventiva.<\/div><\/li><li class=\"fusion-li-item\" style=\"\"><span class=\"icon-wrapper circle-yes\"><i class=\"fusion-li-icon awb-icon-check\" aria-hidden=\"true\"><\/i><\/span><div class=\"fusion-li-item-content\">Ayudar a reducir las barreras de acceso a la atenci\u00f3n sanitaria para las poblaciones vulnerables.<\/div><\/li><li class=\"fusion-li-item\" style=\"\"><span class=\"icon-wrapper circle-yes\"><i class=\"fusion-li-icon awb-icon-check\" aria-hidden=\"true\"><\/i><\/span><div class=\"fusion-li-item-content\">Ampliar y mejorar las instalaciones para servir mejor a nuestra comunidad.<\/div><\/li><li class=\"fusion-li-item\" style=\"\"><span class=\"icon-wrapper circle-yes\"><i class=\"fusion-li-icon awb-icon-check\" aria-hidden=\"true\"><\/i><\/span><div class=\"fusion-li-item-content\">Garantizar que nadie tenga que elegir entre las necesidades b\u00e1sicas y la atenci\u00f3n m\u00e9dica.<\/div><\/li><\/ul><\/div><\/div><\/div><\/div><\/div><div class=\"fusion-layout-column fusion_builder_column fusion-builder-column-2 fusion_builder_column_1_3 1_3 fusion-flex-column fusion-flex-align-self-stretch\" style=\"--awb-padding-top:30px;--awb-padding-right:20px;--awb-padding-bottom:30px;--awb-padding-left:20px;--awb-bg-color:var(--awb-color2);--awb-bg-color-hover:var(--awb-color2);--awb-bg-size:cover;--awb-width-large:33.333333333333%;--awb-margin-top-large:0px;--awb-spacing-right-large:5.76%;--awb-margin-bottom-large:20px;--awb-spacing-left-large:5.76%;--awb-width-medium:100%;--awb-order-medium:0;--awb-spacing-right-medium:1.92%;--awb-spacing-left-medium:1.92%;--awb-width-small:100%;--awb-order-small:0;--awb-spacing-right-small:1.92%;--awb-spacing-left-small:1.92%;\" data-scroll-devices=\"small-visibility,medium-visibility,large-visibility\"><div class=\"fusion-column-wrapper fusion-column-has-shadow fusion-flex-justify-content-flex-start fusion-content-layout-column\"><div style=\"text-align:center;\"><a class=\"fusion-button button-flat fusion-button-default-size button-default fusion-button-default button-1 fusion-button-default-span fusion-button-default-type\" target=\"_self\" href=\"https:\/\/donorbox.org\/2025-2026-capital-campaign\"><i class=\"fa-dollar-sign fas button-icon-left\" aria-hidden=\"true\"><\/i><span class=\"fusion-button-text\">Pulse AQU\u00cd para apoyar nuestra Campa\u00f1a de Capitalizaci\u00f3n<\/span><\/a><\/div><div class=\"fusion-title title fusion-title-3 fusion-sep-none fusion-title-center fusion-title-text fusion-title-size-four\" style=\"--awb-text-color:var(--awb-color6);--awb-margin-top:50px;\"><h4 class=\"fusion-title-heading title-heading-center fusion-responsive-typography-calculated\" style=\"margin:0;--fontSize:24;line-height:var(--awb-typography1-line-height);\"><p>&nbsp;<\/p>\n<p>Introduzca a continuaci\u00f3n los detalles para apoyar las operaciones generales de RRCC<\/p><\/h4><\/div><div class=\"fusion-text fusion-text-2\" style=\"--awb-content-alignment:center;\"><p><iframe src=\"https:\/\/donorbox.org\/embed\/operations-donation-form-101?language=en-us\" name=\"donorbox\" width=\"100%\" height=\"675\" frameborder=\"0\" scrolling=\"yes\" seamless=\"seamless\" data-donorbox-id=\"DonorBox-f1\"><span data-mce-type=\"bookmark\" style=\"display: inline-block; width: 0px; overflow: hidden; line-height: 0;\" class=\"mce_SELRES_start\">El pr\u00f3ximo fin de semana se abrir\u00e1 la nueva tienda de comestibles.<\/span><\/iframe><\/p>\n<\/div><\/div><\/div><\/div><\/div>","protected":false},"excerpt":{"rendered":"","protected":false},"author":1,"featured_media":0,"parent":79,"menu_order":0,"comment_status":"closed","ping_status":"closed","template":"100-width.php","meta":{"_acf_changed":false,"footnotes":""},"class_list":["post-829","page","type-page","status-publish","hentry"],"acf":[],"yoast_head":"<!-- This site is optimized with the Yoast SEO plugin v24.0 - https:\/\/yoast.com\/wordpress\/plugins\/seo\/ -->\n<title>Donate Now | Rock River Community Clinic<\/title>\n<meta name=\"robots\" content=\"index, follow, max-snippet:-1, max-image-preview:large, max-video-preview:-1\" \/>\n<link rel=\"canonical\" href=\"https:\/\/www.rockrivercommunityclinic.com\/es\/support-us\/donate-now\/\" \/>\n<meta property=\"og:locale\" content=\"es_MX\" \/>\n<meta property=\"og:type\" content=\"article\" \/>\n<meta property=\"og:title\" content=\"Donate Now | Rock River Community Clinic\" \/>\n<meta property=\"og:url\" content=\"https:\/\/www.rockrivercommunityclinic.com\/es\/support-us\/donate-now\/\" \/>\n<meta property=\"og:site_name\" content=\"Rock River Community Clinic\" \/>\n<meta property=\"article:modified_time\" content=\"2025-12-23T22:34:57+00:00\" \/>\n<meta property=\"og:image\" content=\"https:\/\/www.rockrivercommunityclinic.com\/wp-content\/uploads\/2024\/12\/Untitled-design-1-jpg.webp\" \/>\n\t<meta property=\"og:image:width\" content=\"1200\" \/>\n\t<meta property=\"og:image:height\" content=\"630\" \/>\n\t<meta property=\"og:image:type\" content=\"image\/jpeg\" \/>\n<meta name=\"twitter:card\" content=\"summary_large_image\" \/>\n<meta name=\"twitter:label1\" content=\"Tiempo de lectura\" \/>\n\t<meta name=\"twitter:data1\" content=\"1 minuto\" \/>\n<script type=\"application\/ld+json\" class=\"yoast-schema-graph\">{\"@context\":\"https:\/\/schema.org\",\"@graph\":[{\"@type\":\"WebPage\",\"@id\":\"https:\/\/www.rockrivercommunityclinic.com\/support-us\/donate-now\/\",\"url\":\"https:\/\/www.rockrivercommunityclinic.com\/support-us\/donate-now\/\",\"name\":\"Donate Now | Rock River Community Clinic\",\"isPartOf\":{\"@id\":\"https:\/\/www.rockrivercommunityclinic.com\/#website\"},\"datePublished\":\"2024-11-07T20:43:22+00:00\",\"dateModified\":\"2025-12-23T22:34:57+00:00\",\"breadcrumb\":{\"@id\":\"https:\/\/www.rockrivercommunityclinic.com\/support-us\/donate-now\/#breadcrumb\"},\"inLanguage\":\"es\",\"potentialAction\":[{\"@type\":\"ReadAction\",\"target\":[\"https:\/\/www.rockrivercommunityclinic.com\/support-us\/donate-now\/\"]}]},{\"@type\":\"BreadcrumbList\",\"@id\":\"https:\/\/www.rockrivercommunityclinic.com\/support-us\/donate-now\/#breadcrumb\",\"itemListElement\":[{\"@type\":\"ListItem\",\"position\":1,\"name\":\"Home\",\"item\":\"https:\/\/www.rockrivercommunityclinic.com\/\"},{\"@type\":\"ListItem\",\"position\":2,\"name\":\"Support Us\",\"item\":\"https:\/\/www.rockrivercommunityclinic.com\/support-us\/\"},{\"@type\":\"ListItem\",\"position\":3,\"name\":\"Donate Now\"}]},{\"@type\":\"WebSite\",\"@id\":\"https:\/\/www.rockrivercommunityclinic.com\/#website\",\"url\":\"https:\/\/www.rockrivercommunityclinic.com\/\",\"name\":\"Rock River Community Clinic\",\"description\":\"\",\"publisher\":{\"@id\":\"https:\/\/www.rockrivercommunityclinic.com\/#organization\"},\"potentialAction\":[{\"@type\":\"SearchAction\",\"target\":{\"@type\":\"EntryPoint\",\"urlTemplate\":\"https:\/\/www.rockrivercommunityclinic.com\/?s={search_term_string}\"},\"query-input\":{\"@type\":\"PropertyValueSpecification\",\"valueRequired\":true,\"valueName\":\"search_term_string\"}}],\"inLanguage\":\"es\"},{\"@type\":\"Organization\",\"@id\":\"https:\/\/www.rockrivercommunityclinic.com\/#organization\",\"name\":\"Rock River Community Clinic\",\"url\":\"https:\/\/www.rockrivercommunityclinic.com\/\",\"logo\":{\"@type\":\"ImageObject\",\"inLanguage\":\"es\",\"@id\":\"https:\/\/www.rockrivercommunityclinic.com\/#\/schema\/logo\/image\/\",\"url\":\"https:\/\/www.rockrivercommunityclinic.com\/wp-content\/uploads\/2024\/10\/RRCC-Logo-horizontal-png.avif\",\"contentUrl\":\"https:\/\/www.rockrivercommunityclinic.com\/wp-content\/uploads\/2024\/10\/RRCC-Logo-horizontal-png.avif\",\"width\":653,\"height\":147,\"caption\":\"Rock River Community Clinic\"},\"image\":{\"@id\":\"https:\/\/www.rockrivercommunityclinic.com\/#\/schema\/logo\/image\/\"}}]}<\/script>\n<!-- \/ Yoast SEO plugin. -->","yoast_head_json":{"title":"Donate Now | Rock River Community Clinic","robots":{"index":"index","follow":"follow","max-snippet":"max-snippet:-1","max-image-preview":"max-image-preview:large","max-video-preview":"max-video-preview:-1"},"canonical":"https:\/\/www.rockrivercommunityclinic.com\/es\/support-us\/donate-now\/","og_locale":"es_MX","og_type":"article","og_title":"Donate Now | Rock River Community Clinic","og_url":"https:\/\/www.rockrivercommunityclinic.com\/es\/support-us\/donate-now\/","og_site_name":"Rock River Community Clinic","article_modified_time":"2025-12-23T22:34:57+00:00","og_image":[{"width":1200,"height":630,"url":"https:\/\/www.rockrivercommunityclinic.com\/wp-content\/uploads\/2024\/12\/Untitled-design-1-jpg.webp","type":"image\/jpeg"}],"twitter_card":"summary_large_image","twitter_misc":{"Tiempo de lectura":"1 minuto"},"schema":{"@context":"https:\/\/schema.org","@graph":[{"@type":"WebPage","@id":"https:\/\/www.rockrivercommunityclinic.com\/support-us\/donate-now\/","url":"https:\/\/www.rockrivercommunityclinic.com\/support-us\/donate-now\/","name":"Donate Now | Rock River Community Clinic","isPartOf":{"@id":"https:\/\/www.rockrivercommunityclinic.com\/#website"},"datePublished":"2024-11-07T20:43:22+00:00","dateModified":"2025-12-23T22:34:57+00:00","breadcrumb":{"@id":"https:\/\/www.rockrivercommunityclinic.com\/support-us\/donate-now\/#breadcrumb"},"inLanguage":"es","potentialAction":[{"@type":"ReadAction","target":["https:\/\/www.rockrivercommunityclinic.com\/support-us\/donate-now\/"]}]},{"@type":"BreadcrumbList","@id":"https:\/\/www.rockrivercommunityclinic.com\/support-us\/donate-now\/#breadcrumb","itemListElement":[{"@type":"ListItem","position":1,"name":"Home","item":"https:\/\/www.rockrivercommunityclinic.com\/"},{"@type":"ListItem","position":2,"name":"Support Us","item":"https:\/\/www.rockrivercommunityclinic.com\/support-us\/"},{"@type":"ListItem","position":3,"name":"Donate Now"}]},{"@type":"WebSite","@id":"https:\/\/www.rockrivercommunityclinic.com\/#website","url":"https:\/\/www.rockrivercommunityclinic.com\/","name":"Rock River Community Clinic","description":"","publisher":{"@id":"https:\/\/www.rockrivercommunityclinic.com\/#organization"},"potentialAction":[{"@type":"SearchAction","target":{"@type":"EntryPoint","urlTemplate":"https:\/\/www.rockrivercommunityclinic.com\/?s={search_term_string}"},"query-input":{"@type":"PropertyValueSpecification","valueRequired":true,"valueName":"search_term_string"}}],"inLanguage":"es"},{"@type":"Organization","@id":"https:\/\/www.rockrivercommunityclinic.com\/#organization","name":"Rock River Community Clinic","url":"https:\/\/www.rockrivercommunityclinic.com\/","logo":{"@type":"ImageObject","inLanguage":"es","@id":"https:\/\/www.rockrivercommunityclinic.com\/#\/schema\/logo\/image\/","url":"https:\/\/www.rockrivercommunityclinic.com\/wp-content\/uploads\/2024\/10\/RRCC-Logo-horizontal-png.avif","contentUrl":"https:\/\/www.rockrivercommunityclinic.com\/wp-content\/uploads\/2024\/10\/RRCC-Logo-horizontal-png.avif","width":653,"height":147,"caption":"Rock River Community Clinic"},"image":{"@id":"https:\/\/www.rockrivercommunityclinic.com\/#\/schema\/logo\/image\/"}}]}},"_links":{"self":[{"href":"https:\/\/www.rockrivercommunityclinic.com\/es\/wp-json\/wp\/v2\/pages\/829","targetHints":{"allow":["GET"]}}],"collection":[{"href":"https:\/\/www.rockrivercommunityclinic.com\/es\/wp-json\/wp\/v2\/pages"}],"about":[{"href":"https:\/\/www.rockrivercommunityclinic.com\/es\/wp-json\/wp\/v2\/types\/page"}],"author":[{"embeddable":true,"href":"https:\/\/www.rockrivercommunityclinic.com\/es\/wp-json\/wp\/v2\/users\/1"}],"replies":[{"embeddable":true,"href":"https:\/\/www.rockrivercommunityclinic.com\/es\/wp-json\/wp\/v2\/comments?post=829"}],"version-history":[{"count":47,"href":"https:\/\/www.rockrivercommunityclinic.com\/es\/wp-json\/wp\/v2\/pages\/829\/revisions"}],"predecessor-version":[{"id":2376,"href":"https:\/\/www.rockrivercommunityclinic.com\/es\/wp-json\/wp\/v2\/pages\/829\/revisions\/2376"}],"up":[{"embeddable":true,"href":"https:\/\/www.rockrivercommunityclinic.com\/es\/wp-json\/wp\/v2\/pages\/79"}],"wp:attachment":[{"href":"https:\/\/www.rockrivercommunityclinic.com\/es\/wp-json\/wp\/v2\/media?parent=829"}],"curies":[{"name":"wp","href":"https:\/\/api.w.org\/{rel}","templated":true}]}}